{"id":2420,"date":"2025-12-19T10:09:25","date_gmt":"2025-12-19T16:09:25","guid":{"rendered":"https:\/\/gabyvilchiz.com\/newsite\/?page_id=2420"},"modified":"2026-03-10T16:22:25","modified_gmt":"2026-03-10T22:22:25","slug":"gaby-vilchiz","status":"publish","type":"page","link":"https:\/\/gabyvilchiz.com\/newsite\/gaby-vilchiz\/","title":{"rendered":"Gaby Vilchiz"},"content":{"rendered":"\t\t<div data-elementor-type=\"wp-page\" data-elementor-id=\"2420\" class=\"elementor elementor-2420\" data-elementor-post-type=\"page\">\n\t\t\t\t<div class=\"elementor-element elementor-element-bf90d49 e-flex e-con-boxed e-con e-parent\" data-id=\"bf90d49\" data-element_type=\"container\" data-e-type=\"container\">\n\t\t\t\t\t<div class=\"e-con-inner\">\n\t\t\t\t<div class=\"elementor-element elementor-element-d553c25 elementor-widget elementor-widget-video\" data-id=\"d553c25\" data-element_type=\"widget\" data-e-type=\"widget\" data-settings=\"{&quot;video_type&quot;:&quot;hosted&quot;,&quot;autoplay&quot;:&quot;yes&quot;,&quot;play_on_mobile&quot;:&quot;yes&quot;,&quot;controls&quot;:&quot;yes&quot;}\" data-widget_type=\"video.default\">\n\t\t\t\t<div class=\"elementor-widget-container\">\n\t\t\t\t\t\t\t<div class=\"e-hosted-video elementor-wrapper elementor-open-inline\">\n\t\t\t\t\t<video class=\"elementor-video\" src=\"\/newsite\/videos\/GABY_20MB.mp4\" autoplay=\"\" controls=\"\" playsinline=\"\" controlsList=\"nodownload\"><\/video>\n\t\t\t\t<\/div>\n\t\t\t\t\t\t<\/div>\n\t\t\t\t<\/div>\n\t\t\t\t<div class=\"elementor-element elementor-element-d469ec6 elementor-widget elementor-widget-text-editor\" data-id=\"d469ec6\" data-element_type=\"widget\" data-e-type=\"widget\" data-widget_type=\"text-editor.default\">\n\t\t\t\t<div class=\"elementor-widget-container\">\n\t\t\t\t\t\t\t\t\t<p>La dise\u00f1adora Gaby Vilchiz, apasionada del arte, estudi\u00f3 la Licenciatura en Relaciones Internacionales, al mismo tiempo que empez\u00f3 su trayectoria como artista pl\u00e1stica de manera informal. Con el paso del tiempo y diez a\u00f1os de estudio y trayectoria en la materia, se dio cuenta que pod\u00eda desbordar su talento creativo en piezas de joyer\u00eda y complementos para el cabello.<\/p><p>Su propuesta art\u00edstica es el resultado de una b\u00fasqueda constante por ser diferente, por querer ser aut\u00e9ntica, y sobretodo por provocar en los ojos del espectador una emoci\u00f3n desafiante. En sus palabras comenta: \u201cMe rend\u00ed al camino que hab\u00eda reu\u00eddo ya que todo proyecto que empezaba me llevaba a la ejecuci\u00f3n de la parte art\u00edstica as\u00ed fue como empec\u00e9 con este gran proyecto de vida. La creaci\u00f3n de joyer\u00eda y ornamentos surgi\u00f3 por saciar la necesidad de buscar mi propia identidad y nunca reprimir mi esp\u00edritu creativo.\u201d<\/p><p>En cada una de sus colecciones, Gaby ha tratado de transmitir el amor por el dise\u00f1o y los colores, y cada una de las piezas tiene una propuesta atrevida lo que hace imposible que te resistas a alguna de ella. Su principal fuente de inspiraci\u00f3n es la mujer audaz, segura de s\u00ed misma y con un gran esp\u00edritu por reinventarse cada d\u00eda.<\/p><p>Actualmente, Gaby Vilchiz, desarrolla proyectos en conjunto con otros dise\u00f1adores muy destacados en nuestro pa\u00eds y en el extranjero; con la finalidad de resaltar las ra\u00edces y la herencia hist\u00f3rica de M\u00e9xico y sobre todo de Oaxaca. Dentro de sus ultimas colecciones, se encuentra la folk chic, en la que comparti\u00f3 cr\u00e9ditos con dise\u00f1adoras oaxaque\u00f1as reconocidas a nivel mundial.<\/p><p>La colecci\u00f3n folk chic, tienen la peculiaridad de ser elaborados como piezas \u00fanicas ya que se elaboran para ser lucidos con alg\u00fan atuendo \u00e9tnico \u00f3 oaxaque\u00f1o, lo que hace que luzca espectacular ya que son piezas personalizadas. \u00c9sta \u00faltima est\u00e1 inspirada en el colorido de nuestros trajes regionales, as\u00ed como de la fuerza y belleza de la mujer oaxaque\u00f1a.<\/p><p>A trav\u00e9s de cada una de sus creaciones logra materializar la esencia y personalidad de cada mujer, es un reto muy grande y a la vez satisfactorio. Lo m\u00e1s gratificante es recordarle a cada mujer lo valiosa que es, sobre todo que es \u00fanica e irrepetible, as\u00ed como lo que se le dise\u00f1a.<\/p><p>Oaxaca es inspiraci\u00f3n : Colecci\u00f3n Folk Chic<\/p><p>La colecci\u00f3n se llama Folk Chic, que involucra los toques folcl\u00f3ricos de Oaxaca con estilos modernos y estilizados.<br \/>La idea de esta propuesta me surge despu\u00e9s de hacer varias piezas \u00fanicas de joyer\u00eda utilizando elementos artesanales como tela, cordones, hilos, madera, piel, cristales, piedras semipreciosas, perlas, \u00a0entre otros elementos pero todo tiene que ver con procesos artesanales hechos a mano, con la ayuda de artesanas.<\/p><p>Actualmente, estoy produciendo colecciones peque\u00f1as que abarcan como m\u00ednimo 10 piezas hasta 30 de edici\u00f3n limitada lo que les da un toque de exclusividad ya que no se repite un dise\u00f1o en su totalidad aunque se utilicen las mismas t\u00e9cnicas.<\/p><p>Mi intenci\u00f3n es crear una propuesta innovadora, ya que en Oaxaca ya hay muchos dise\u00f1adores que hacen ropa estilizada con apoyo de bordados de nuestras diferentes regiones. Lo diferente es que no se hab\u00eda hecho una linea de joyer\u00eda textil, es decir ya no es indumentaria. Lo que que permite generar algo nuevo es su tipo si tomamos en cuenta que nuestros bordados son \u00fanicos en su clase y dif\u00edcilmente igualables en otras partes del mundo.<\/p><p>Tambi\u00e9n como dise\u00f1adora de joyer\u00eda artesanal, tengo un compromiso social con mi comunidad ya que as\u00ed genero fuertes de empleo, comercio justo y sobre todo seguimos manteniendo nuestras tradiciones ya que est\u00e1n a punto de extinguirse por falta de inter\u00e9s de futuras generaciones, y tengo el firme prop\u00f3sito de contribuir con un granito de arena de dar a conocerlo en otras partes del mundo, todo lo que est\u00e1 hecho en Oaxaca y que sea sin\u00f3nimo de calidad, vanguardia, tradici\u00f3n, folclore y moda.<\/p><p>Entre las celebridades que usan mis piezas son: Salma Hayek, Guadalupe Loaeza, Lupita Jones, Andrea Legarreta, Lucy Ru\u00edz de la Pe\u00f1a, Ximena Navarrete, Susana Zavaleta, Maril\u00e9 Andrade, Karla G\u00f3mez, Carolina Moran, Marcela Cuevas, Olivia Collings, Rolene Strauss (Miss Mundo 2014), Margarita \u201cla Diosa de la Cumbia\u201d, \u00a0Atala Sarmiento, Karla D\u00edaz (grupo JNS), Angie Tadei (Grupo JNS), Melisa L\u00f3pez (grupo JSN), Regina (Grupo JNS), Lidia \u00c1vila (grupo OV7), Erika Sada (grupo OV7), Mariana Ochoa (grupo OV7), Luisa Fernanda (Grupo Garibaldi), Katia Llanos (grupo Garibaldi), Pamela Cerdeira, y todas las reinas de Nuestra Belleza M\u00e9xico del 2013 a 2016.<\/p>\t\t\t\t\t\t\t\t<\/div>\n\t\t\t\t<\/div>\n\t\t\t\t\t<\/div>\n\t\t\t\t<\/div>\n\t\t\t\t<\/div>\n\t\t","protected":false},"excerpt":{"rendered":"<p>\/newsite\/videos\/GABY_20MB.mp4 La dise\u00f1adora Gaby Vilchiz, apasionada del arte, estudi\u00f3 la Licenciatura en Relaciones Internacionales, al mismo tiempo que empez\u00f3 su trayectoria como artista pl\u00e1stica de manera informal. Con el paso del tiempo y diez a\u00f1os de estudio y trayectoria en la materia, se dio cuenta que pod\u00eda desbordar su talento creativo en piezas de joyer\u00eda [&hellip;]<\/p>\n","protected":false},"author":1,"featured_media":0,"parent":0,"menu_order":0,"comment_status":"closed","ping_status":"closed","template":"","meta":{"site-sidebar-layout":"no-sidebar","site-content-layout":"page-builder","ast-site-content-layout":"full-width-container","site-content-style":"default","site-sidebar-style":"default","ast-global-header-display":"","ast-banner-title-visibility":"","ast-main-header-display":"","ast-hfb-above-header-display":"","ast-hfb-below-header-display":"","ast-hfb-mobile-header-display":"","site-post-title":"disabled","ast-breadcrumbs-content":"","ast-featured-img":"disabled","footer-sml-layout":"","ast-disable-related-posts":"","theme-transparent-header-meta":"","adv-header-id-meta":"","stick-header-meta":"","header-above-stick-meta":"","header-main-stick-meta":"","header-below-stick-meta":"","astra-migrate-meta-layouts":"set","ast-page-background-enabled":"default","ast-page-background-meta":{"desktop":{"background-color":"","background-image":"","background-repeat":"repeat","background-position":"center center","background-size":"auto","background-attachment":"scroll","background-type":"","background-media":"","overlay-type":"","overlay-color":"","overlay-opacity":"","overlay-gradient":""},"tablet":{"background-color":"","background-image":"","background-repeat":"repeat","background-position":"center center","background-size":"auto","background-attachment":"scroll","background-type":"","background-media":"","overlay-type":"","overlay-color":"","overlay-opacity":"","overlay-gradient":""},"mobile":{"background-color":"","background-image":"","background-repeat":"repeat","background-position":"center center","background-size":"auto","background-attachment":"scroll","background-type":"","background-media":"","overlay-type":"","overlay-color":"","overlay-opacity":"","overlay-gradient":""}},"ast-content-background-meta":{"desktop":{"background-color":"var(--ast-global-color-5)","background-image":"","background-repeat":"repeat","background-position":"center center","background-size":"auto","background-attachment":"scroll","background-type":"","background-media":"","overlay-type":"","overlay-color":"","overlay-opacity":"","overlay-gradient":""},"tablet":{"background-color":"var(--ast-global-color-5)","background-image":"","background-repeat":"repeat","background-position":"center center","background-size":"auto","background-attachment":"scroll","background-type":"","background-media":"","overlay-type":"","overlay-color":"","overlay-opacity":"","overlay-gradient":""},"mobile":{"background-color":"var(--ast-global-color-5)","background-image":"","background-repeat":"repeat","background-position":"center center","background-size":"auto","background-attachment":"scroll","background-type":"","background-media":"","overlay-type":"","overlay-color":"","overlay-opacity":"","overlay-gradient":""}},"footnotes":""},"class_list":["post-2420","page","type-page","status-publish","hentry"],"_links":{"self":[{"href":"https:\/\/gabyvilchiz.com\/newsite\/wp-json\/wp\/v2\/pages\/2420","targetHints":{"allow":["GET"]}}],"collection":[{"href":"https:\/\/gabyvilchiz.com\/newsite\/wp-json\/wp\/v2\/pages"}],"about":[{"href":"https:\/\/gabyvilchiz.com\/newsite\/wp-json\/wp\/v2\/types\/page"}],"author":[{"embeddable":true,"href":"https:\/\/gabyvilchiz.com\/newsite\/wp-json\/wp\/v2\/users\/1"}],"replies":[{"embeddable":true,"href":"https:\/\/gabyvilchiz.com\/newsite\/wp-json\/wp\/v2\/comments?post=2420"}],"version-history":[{"count":10,"href":"https:\/\/gabyvilchiz.com\/newsite\/wp-json\/wp\/v2\/pages\/2420\/revisions"}],"predecessor-version":[{"id":2796,"href":"https:\/\/gabyvilchiz.com\/newsite\/wp-json\/wp\/v2\/pages\/2420\/revisions\/2796"}],"wp:attachment":[{"href":"https:\/\/gabyvilchiz.com\/newsite\/wp-json\/wp\/v2\/media?parent=2420"}],"curies":[{"name":"wp","href":"https:\/\/api.w.org\/{rel}","templated":true}]}}